{"id":127,"date":"2023-06-20T07:36:11","date_gmt":"2023-06-20T07:36:11","guid":{"rendered":"https:\/\/goldcityinn.com\/?page_id=127"},"modified":"2023-11-13T12:06:38","modified_gmt":"2023-11-13T12:06:38","slug":"rezervasyon","status":"publish","type":"page","link":"https:\/\/goldcityinn.com\/index.php\/rezervasyon\/","title":{"rendered":"Rezervasyon"},"content":{"rendered":"<div class=\"\" style=\"\" >\n    \n    <section class=\"u-align-left u-clearfix u-grey-25 u-section-2\" id=\"carousel_bb63\">\n      <div class=\"u-clearfix u-sheet u-valign-middle-lg u-valign-middle-md u-valign-middle-sm u-sheet-1\">\n        <div class=\"u-clearfix u-expanded-width-lg u-expanded-width-md u-expanded-width-xl u-expanded-width-xs u-gutter-0 u-layout-wrap u-layout-wrap-1\">\n          <div class=\"u-layout\">\n            <div class=\"u-layout-row\">\n              <div class=\"u-align-center-sm u-align-center-xs u-container-style u-layout-cell u-size-30 u-layout-cell-1\">\n                <div class=\"u-container-layout u-container-layout-1\">\n                  <h1 class=\"u-align-left-lg u-align-left-md u-align-left-xl u-text u-text-body-alt-color u-text-1\">Dakikalar \u0130\u00e7erisinde Rezervasyon Yap\u0131n<br>\n                  <\/h1>\n                  <h2 class=\"u-align-center-xs u-align-left-lg u-align-left-md u-align-left-xl u-text u-text-body-alt-color u-text-2\">24\/7<\/h2>\n                <\/div>\n              <\/div>\n              <div class=\"u-align-center u-container-style u-layout-cell u-size-30 u-layout-cell-2\">\n                <div class=\"u-container-layout u-valign-top-xl u-container-layout-2\"><span class=\"u-icon u-icon-circle u-text-body-alt-color u-icon-1\"><svg class=\"u-svg-link\" preserveAspectRatio=\"xMidYMin slice\" viewBox=\"0 0 27.555 27.555\" style=\"\"><use xlink:href=\"#svg-17a9\"><\/use><\/svg><svg class=\"u-svg-content\" viewBox=\"0 0 27.555 27.555\" x=\"0px\" y=\"0px\" id=\"svg-17a9\" style=\"enable-background:new 0 0 27.555 27.555;\"><g><path d=\"M13.777,0C7.108,0,1.701,5.407,1.701,12.076c0,3.45,1.454,6.553,3.773,8.752L5.07,27.555l5.736-3.787   c0.952,0.241,1.944,0.383,2.971,0.383c6.67,0,12.076-5.406,12.076-12.076C25.854,5.407,20.447,0,13.777,0z M12.61,11.342   c0,1.24-0.258,2.219-0.774,2.936s-1.4,1.352-2.654,1.9l-0.945-1.789c0.771-0.361,1.304-0.722,1.598-1.08   c0.295-0.36,0.459-0.784,0.493-1.273H8.237V7.974h4.373V11.342z M19.317,11.342c0,1.24-0.258,2.219-0.774,2.936   c-0.516,0.719-1.4,1.352-2.654,1.9l-0.944-1.789c0.771-0.361,1.304-0.722,1.599-1.08c0.295-0.36,0.459-0.784,0.493-1.273h-2.091   V7.974h4.373L19.317,11.342L19.317,11.342z\"><\/path>\n<\/g><\/svg><\/span>\n                  <p class=\"u-text u-text-body-alt-color u-text-3\" data-animation-name=\"customAnimationIn\" data-animation-duration=\"2000\"> Her an\u0131ndan keyif alaca\u011f\u0131n\u0131z bir tatil i\u00e7in...<br>&nbsp;Goldcity INN Hotele Ho\u015fgeldiniz.\n                  <\/p>\n                <\/div>\n              <\/div>\n            <\/div>\n          <\/div>\n        <\/div>\n      <\/div>\n    <\/section>\n    <section class=\"u-align-center u-clearfix u-white u-section-3\" id=\"sec-f126\">\n      <div class=\"u-clearfix u-sheet u-sheet-1\">\n        <h2 class=\"u-align-center-lg u-align-center-md u-align-center-sm u-align-center-xs u-text u-text-1\" data-animation-name=\"customAnimationIn\" data-animation-duration=\"3250\" data-animation-delay=\"1500\">Standart Oda<\/h2>\n        <h2 class=\"u-align-center-lg u-align-center-md u-align-center-sm u-align-center-xs u-text u-text-2\" data-animation-name=\"customAnimationIn\" data-animation-duration=\"3250\" data-animation-delay=\"1500\"> Adult only +12<\/h2>\n        <div class=\"u-align-center-lg u-align-center-md u-align-center-sm u-align-center-xs u-border-3 u-border-grey-dark-1 u-line u-line-horizontal u-line-1\"><\/div>\n        <div class=\"u-carousel u-expanded-width-md u-expanded-width-sm u-expanded-width-xs u-gallery u-layout-thumbnails u-lightbox u-no-transition u-show-text-always u-gallery-1\" id=\"carousel-e131\" data-interval=\"5000\" data-u-ride=\"carousel\">\n          <div class=\"u-carousel-inner u-gallery-inner\" role=\"listbox\">\n            <div class=\"u-active u-carousel-item u-gallery-item u-carousel-item-1\">\n              <div class=\"u-back-slide\" data-image-width=\"4000\" data-image-height=\"2252\">\n                <img class=\"u-back-image u-expanded\" src=\"https:\/\/goldcityinn.com\/wp-content\/uploads\/2023\/06\/20230616_112316-scaled.jpg\">\n              <\/div>\n              <div class=\"u-over-slide u-over-slide-1\">\n                <h3 class=\"u-gallery-heading\">Sample Title<\/h3>\n                <p class=\"u-gallery-text\">Sample Text<\/p>\n              <\/div>\n            <\/div>\n            <div class=\"u-carousel-item u-gallery-item u-carousel-item-2\">\n              <div class=\"u-back-slide\" data-image-width=\"4000\" data-image-height=\"2252\">\n                <img class=\"u-back-image u-expanded\" src=\"https:\/\/goldcityinn.com\/wp-content\/uploads\/2023\/06\/20230616_112416-scaled.jpg\">\n              <\/div>\n              <div class=\"u-over-slide u-over-slide-2\">\n                <h3 class=\"u-gallery-heading\">Sample Title<\/h3>\n                <p class=\"u-gallery-text\">Sample Text<\/p>\n              <\/div>\n            <\/div>\n            <div class=\"u-carousel-item u-gallery-item u-carousel-item-3\" data-image-width=\"2836\" data-image-height=\"1875\">\n              <div class=\"u-back-slide\" data-image-width=\"4000\" data-image-height=\"2252\">\n                <img class=\"u-back-image u-expanded\" src=\"https:\/\/goldcityinn.com\/wp-content\/uploads\/2023\/06\/20230616_112530-scaled.jpg\">\n              <\/div>\n              <div class=\"u-over-slide u-over-slide-3\">\n                <h3 class=\"u-gallery-heading\">Sample Title<\/h3>\n                <p class=\"u-gallery-text\">Sample Text<\/p>\n              <\/div>\n              <style data-mode=\"XL\" data-visited=\"true\"><\/style>\n              <style data-mode=\"LG\" data-visited=\"true\"><\/style>\n              <style data-mode=\"MD\" data-visited=\"true\"><\/style>\n              <style data-mode=\"SM\" data-visited=\"true\"><\/style>\n              <style data-mode=\"XS\" data-visited=\"true\"><\/style>\n            <\/div>\n          <\/div>\n          <a class=\"u-absolute-vcenter u-carousel-control u-carousel-control-prev u-grey-70 u-icon-circle u-opacity u-opacity-70 u-spacing-10 u-text-white u-carousel-control-1\" href=\"#carousel-e131\" role=\"button\" data-u-slide=\"prev\">\n            <span aria-hidden=\"true\">\n              <svg viewBox=\"0 0 451.847 451.847\"><path d=\"M97.141,225.92c0-8.095,3.091-16.192,9.259-22.366L300.689,9.27c12.359-12.359,32.397-12.359,44.751,0\nc12.354,12.354,12.354,32.388,0,44.748L173.525,225.92l171.903,171.909c12.354,12.354,12.354,32.391,0,44.744\nc-12.354,12.365-32.386,12.365-44.745,0l-194.29-194.281C100.226,242.115,97.141,234.018,97.141,225.92z\"><\/path><\/svg>\n            <\/span>\n            <span class=\"sr-only\">\n              <svg viewBox=\"0 0 451.847 451.847\"><path d=\"M97.141,225.92c0-8.095,3.091-16.192,9.259-22.366L300.689,9.27c12.359-12.359,32.397-12.359,44.751,0\nc12.354,12.354,12.354,32.388,0,44.748L173.525,225.92l171.903,171.909c12.354,12.354,12.354,32.391,0,44.744\nc-12.354,12.365-32.386,12.365-44.745,0l-194.29-194.281C100.226,242.115,97.141,234.018,97.141,225.92z\"><\/path><\/svg>\n            <\/span>\n          <\/a>\n          <a class=\"u-absolute-vcenter u-carousel-control u-carousel-control-next u-grey-70 u-icon-circle u-opacity u-opacity-70 u-spacing-10 u-text-white u-carousel-control-2\" href=\"#carousel-e131\" role=\"button\" data-u-slide=\"next\">\n            <span aria-hidden=\"true\">\n              <svg viewBox=\"0 0 451.846 451.847\"><path d=\"M345.441,248.292L151.154,442.573c-12.359,12.365-32.397,12.365-44.75,0c-12.354-12.354-12.354-32.391,0-44.744\nL278.318,225.92L106.409,54.017c-12.354-12.359-12.354-32.394,0-44.748c12.354-12.359,32.391-12.359,44.75,0l194.287,194.284\nc6.177,6.18,9.262,14.271,9.262,22.366C354.708,234.018,351.617,242.115,345.441,248.292z\"><\/path><\/svg>\n            <\/span>\n            <span class=\"sr-only\">\n              <svg viewBox=\"0 0 451.846 451.847\"><path d=\"M345.441,248.292L151.154,442.573c-12.359,12.365-32.397,12.365-44.75,0c-12.354-12.354-12.354-32.391,0-44.744\nL278.318,225.92L106.409,54.017c-12.354-12.359-12.354-32.394,0-44.748c12.354-12.359,32.391-12.359,44.75,0l194.287,194.284\nc6.177,6.18,9.262,14.271,9.262,22.366C354.708,234.018,351.617,242.115,345.441,248.292z\"><\/path><\/svg>\n            <\/span>\n          <\/a>\n          <ol class=\"u-carousel-thumbnails u-spacing-10 u-carousel-thumbnails-1\">\n            <li class=\"u-active u-carousel-thumbnail u-carousel-thumbnail-1\" data-u-target=\"#carousel-e131\" data-u-slide-to=\"0\">\n              <img class=\"u-carousel-thumbnail-image u-image\" src=\"https:\/\/goldcityinn.com\/wp-content\/uploads\/2023\/06\/20230616_112316-scaled.jpg\">\n            <\/li>\n            <li class=\"u-carousel-thumbnail u-carousel-thumbnail-2\" data-u-target=\"#carousel-e131\" data-u-slide-to=\"1\">\n              <img class=\"u-carousel-thumbnail-image u-image\" src=\"https:\/\/goldcityinn.com\/wp-content\/uploads\/2023\/06\/20230616_112416-scaled.jpg\">\n            <\/li>\n            <li class=\"u-carousel-thumbnail u-carousel-thumbnail-3\" data-u-target=\"#carousel-e131\" data-u-slide-to=\"2\">\n              <img class=\"u-carousel-thumbnail-image u-image\" src=\"https:\/\/goldcityinn.com\/wp-content\/uploads\/2023\/06\/20230616_112530-scaled.jpg\">\n            <\/li>\n          <\/ol>\n        <\/div>\n        <p class=\"u-align-center u-text u-text-3\" data-animation-name=\"customAnimationIn\" data-animation-duration=\"1000\"> \u00bb \u00c7ift ki\u015filik yatak,<br>1 tek ki\u015filik\n yatak ve tek ki\u015filik yata\u011fa\n d\u00f6n\u00fc\u015febilen koltuk.&nbsp;<br>\u00bb 28 m\u00b2<br>\u00bb Du\u015f \/ Wc&nbsp;<br>\u00bb Deniz ve Kara Manzaral\u0131&nbsp;<br>\u00bb Balkon&nbsp;<br>\u00bbMerkezi Sistem Klima&nbsp;<br>\u00bb Sa\u00e7 Kurutma Makinesi&nbsp;<br>\u00bb Telefon&nbsp;<br>\u00bb Parke Zemin&nbsp;<br>\u00bb Kasa&nbsp;<br>\u00bb Mini Bar&nbsp;<br>\u00bb Uydu Yay\u0131n\u0131 Uluslararas\u0131 Kanallar&nbsp;<br>\u00bb Maksimum 3 ki\u015filiktir.\n (3 yeti\u015fkin + 1 bebek konaklama\nyap\u0131lamaz)<br>\n        <\/p>\n      <\/div>\n    <\/section>\n    <section class=\"u-align-center u-clearfix u-grey-25 u-section-4\" id=\"sec-f53e\">\n      <div class=\"u-clearfix u-sheet u-sheet-1\">\n        <h3 class=\"u-custom-font u-font-montserrat u-text u-text-default u-text-1\">Rezervasyon<\/h3>\n        <div class=\"u-carousel u-carousel-duration-250 u-carousel-fade u-expanded-width u-form u-radius-6 u-form-1\" data-interval=\"0\" data-u-ride=\"false\">\n          <form action=\"https:\/\/forms.nicepagesrv.com\/v2\/form\/process\" class=\"u-clearfix u-form-spacing-17 u-form-vertical u-inner-form\" style=\"padding: 11px;\" source=\"email\" name=\"Rezervasyon Formu\">\n            <div class=\"u-carousel-inner\" role=\"listbox\">\n              <div class=\"u-active u-carousel-item u-form-step u-slide\">\n                <div class=\"u-form-date u-form-group u-form-partition-factor-3 u-label-top u-form-group-1\">\n                  <label for=\"date-d3ef\" class=\"u-label u-label-1\">Giri\u015f Tarihi<\/label>\n                  <input type=\"text\" readonly=\"readonly\" placeholder=\"Giri\u015f Tarihini Se\u00e7iniz\" id=\"date-d3ef\" name=\"date-1\" class=\"u-border-white u-input u-input-rectangle u-radius-17 u-text-black u-input-1\" required=\"\" data-date-format=\"mm\/dd\/yyyy\">\n                <\/div>\n                <div class=\"u-form-date u-form-group u-form-partition-factor-3 u-label-top u-form-group-2\">\n                  <label for=\"date-ae81\" class=\"u-label u-label-2\">\u00c7\u0131k\u0131\u015f Tarihi<\/label>\n                  <input type=\"text\" readonly=\"readonly\" placeholder=\"\u00c7\u0131k\u0131\u015f Tarihini Se\u00e7iniz\" id=\"date-ae81\" name=\"date\" class=\"u-border-white u-input u-input-rectangle u-radius-17 u-text-black u-input-2\" required=\"\" data-date-format=\"mm\/dd\/yyyy\">\n                <\/div>\n                <div class=\"u-form-group u-form-number u-form-number-layout-number u-form-partition-factor-3 u-label-top u-form-group-3\">\n                  <label for=\"number-b728\" class=\"u-label u-label-3\">Ki\u015fi Say\u0131s\u0131 (Adult Only +12)<\/label>\n                  <div class=\"u-input-row\" data-value=\"0\">\n                    <input value=\"0\" min=\"0\" max=\"100\" step=\"1\" type=\"number\" placeholder=\"\" id=\"number-b728\" name=\"number\" class=\"u-border-white u-input u-input-rectangle u-radius-17 u-text-black u-white u-input-3\">\n                  <\/div>\n                <\/div>\n              <\/div>\n              <div class=\"u-carousel-item u-form-step u-slide\">\n                <div class=\"u-form-group u-form-name u-form-partition-factor-2 u-label-top u-form-group-4\">\n                  <label for=\"name-acd8\" class=\"u-label u-label-4\">Ad\u0131n\u0131z Soyad\u0131n\u0131z<\/label>\n                  <input type=\"text\" placeholder=\"Ad ve Soyad\u0131n\u0131z\u0131 Giriniz\" id=\"name-acd8\" name=\"name-1\" class=\"u-border-white u-input u-input-rectangle u-radius-17 u-text-black u-input-4\" required=\"\">\n                <\/div>\n                <div class=\"u-form-email u-form-group u-form-partition-factor-2 u-label-top u-form-group-5\">\n                  <label for=\"email-b447\" class=\"u-label u-label-5\">Email<\/label>\n                  <input type=\"email\" placeholder=\"Ge\u00e7erli bir e-posta adresi girin\" id=\"email-b447\" name=\"email\" class=\"u-border-white u-input u-input-rectangle u-radius-17 u-text-black u-input-5\" required=\"\">\n                <\/div>\n                <div class=\"u-form-group u-form-phone u-label-top u-form-group-6\">\n                  <label for=\"phone-fa13\" class=\"u-label u-label-6\">Telefon<\/label>\n                  <input type=\"tel\" pattern=\"\\+?\\d{0,3}[\\s\\(\\-]?([0-9]{2,3})[\\s\\)\\-]?([\\s\\-]?)([0-9]{3})[\\s\\-]?([0-9]{2})[\\s\\-]?([0-9]{2})\" placeholder=\"Telefon Numaran\u0131z\u0131 Giriniz\" id=\"phone-fa13\" name=\"phone\" class=\"u-border-white u-input u-input-rectangle u-radius-17 u-text-black u-input-6\" required=\"\">\n                <\/div>\n                <div class=\"u-form-agree u-form-group u-label-top u-form-group-7\">\n                  <label class=\"u-block-7840-69 u-field-label\" style=\"font-size: 0.75rem;\"><\/label>\n                  <input type=\"checkbox\" id=\"agree-ba01\" name=\"agree\" class=\"u-agree-checkbox u-field-input\" required=\"\">\n                  <label for=\"agree-ba01\" class=\"u-agree-label u-field-label\" style=\"font-size: 0.75rem;\">Ki\u015fisel Bilgilerimin GoldcityInn Hotel ile Payla\u015f\u0131lmas\u0131na \u0130zin Veriyorum.<\/label>\n                <\/div>\n              <\/div>\n            <\/div>\n            <div class=\"u-align-right u-form-group u-form-submit u-label-top\">\n              <a href=\"#\" class=\"u-border-none u-btn u-btn-round u-btn-step u-btn-step-prev u-button-style u-radius-10 u-white u-btn-1\">Geri<\/a>\n              <a href=\"#\" class=\"u-border-none u-btn u-btn-round u-btn-step u-btn-step-next u-button-style u-radius-20 u-white u-btn-1\">\u0130leri<\/a>\n              <input type=\"submit\" value=\"submit\" class=\"u-form-control-hidden\">\n              <a href=\"#\" class=\"u-border-none u-btn u-btn-round u-btn-submit u-button-style u-radius-10 u-white u-btn-1\">Tamamla&nbsp;<\/a>\n            <\/div>\n            <div class=\"u-form-send-message u-form-send-success\">\u00d6n Rezervasyon \u0130\u015fleminiz Tamamland\u0131. Rezervasyonu Tamamlamak i\u00e7in L\u00fctfen Bizimle \u0130leti\u015fime Ge\u00e7in<\/div>\n            <div class=\"u-form-send-error u-form-send-message\">Bir Hata Olu\u015ftu.<\/div>\n            <input type=\"hidden\" value=\"\" name=\"recaptchaResponse\">\n            <input type=\"hidden\" name=\"formServices\" value=\"a7eb5969-adc9-f73c-f555-b77dde5226c4\">\n          <\/form>\n        <\/div>\n        <h6 class=\"u-custom-font u-font-merriweather u-text u-text-palette-2-base u-text-2\">ADULT ONLY&nbsp;+12 <\/h6>\n      <\/div>\n    <\/section>\n    <section class=\"u-clearfix u-white u-section-5\" id=\"carousel_76d0\">\n      <div class=\"u-clearfix u-sheet u-valign-middle-xl u-sheet-1\">\n        <div class=\"u-border-9 u-border-custom-color-1 u-shape u-shape-rectangle u-shape-1\"><\/div>\n        <div class=\"u-expanded-width-sm u-expanded-width-xs u-grey-light-2 u-map u-map-1\">\n          <div class=\"embed-responsive\">\n            <iframe class=\"embed-responsive-item\" src=\"https:\/\/www.google.com\/maps\/embed?pb=!1m14!1m12!1m3!1d3208.07029612467!2d32.13417655071645!3d36.480018190957466!2m3!1f0!2f0!3f0!3m2!1i1024!2i768!4f13.1!5e0!3m2!1str!2str!4v1687245672045!5m2!1str!2str\" data-map=\"JTdCJTIycG9zaXRpb25UeXBlJTIyJTNBJTIybWFwLWVtYmVkJTIyJTJDJTIyYWRkcmVzcyUyMiUzQSUyMmh0dHBzJTNBJTJGJTJGd3d3Lmdvb2dsZS5jb20lMkZtYXBzJTJGZW1iZWQlM0ZwYiUzRCExbTE0ITFtMTIhMW0zITFkMTcwMS44NTMwNTU5OTkwMDA2ITJkMzIuMTM0NTk5MzY5MDE3NDchM2QzNi40Nzk0NjE0NTU3NzIxNiEybTMhMWYwITJmMCEzZjAhM20yITFpMTAyNCEyaTc2OCE0ZjEzLjEhNWUxITNtMiExc3RyITJzdHIhNHYxNjg3MjQ1NTMxOTAxITVtMiExc3RyITJzdHIlMjIlMkMlMjJ6b29tJTIyJTNBMTAlMkMlMjJ0eXBlSWQlMjIlM0ElMjJyb2FkJTIyJTJDJTIybGFuZyUyMiUzQSUyMmVuJTIyJTJDJTIyZW1iZWQlMjIlM0ElMjJodHRwcyUzQSUyRiUyRnd3dy5nb29nbGUuY29tJTJGbWFwcyUyRmVtYmVkJTNGcGIlM0QhMW0xNCExbTEyITFtMyExZDMyMDguMDcwMjk2MTI0NjchMmQzMi4xMzQxNzY1NTA3MTY0NSEzZDM2LjQ4MDAxODE5MDk1NzQ2NiEybTMhMWYwITJmMCEzZjAhM20yITFpMTAyNCEyaTc2OCE0ZjEzLjEhNWUwITNtMiExc3RyITJzdHIhNHYxNjg3MjQ1NjcyMDQ1ITVtMiExc3RyITJzdHIlMjIlN0Q=\"><\/iframe>\n          <\/div>\n        <\/div>\n        <div class=\"u-align-left-lg u-align-left-md u-align-left-xl u-black u-container-style u-group u-group-1\">\n          <div class=\"u-container-layout u-container-layout-1\">\n            <h4 class=\"u-text u-text-1\">Konumumuz<\/h4>\n            <p class=\"u-text u-text-font u-text-2\"><b>Adres: <\/b>\n              <br> Karg\u0131cak,<br>07400 Alanya\/Antalya\n            <\/p>\n          <\/div>\n        <\/div>\n      <\/div>\n    <\/section>\n    \n    \n    \n  \n<\/div>","protected":false},"excerpt":{"rendered":"<p>Dakikalar \u0130\u00e7erisinde Rezervasyon Yap\u0131n 24\/7 Her an\u0131ndan keyif alaca\u011f\u0131n\u0131z bir tatil i\u00e7in&#8230;&nbsp;Goldcity INN Hotele Ho\u015fgeldiniz. Standart Oda Adult only +12 Sample Title Sample Text Sample Title Sample Text Sample Title Sample Text \u00bb \u00c7ift ki\u015filik yatak,1 tek ki\u015filik yatak ve tek ki\u015filik yata\u011fa d\u00f6n\u00fc\u015febilen koltuk.&nbsp;\u00bb 28 m\u00b2\u00bb Du\u015f \/ Wc&nbsp;\u00bb Deniz ve Kara Manzaral\u0131&nbsp;\u00bb Balkon&nbsp;\u00bbMerkezi&hellip; <a class=\"more-link\" href=\"https:\/\/goldcityinn.com\/index.php\/rezervasyon\/\">Okumaya devam et <span class=\"screen-reader-text\">Rezervasyon<\/span><\/a><\/p>\n","protected":false},"author":1,"featured_media":0,"parent":0,"menu_order":0,"comment_status":"closed","ping_status":"closed","template":"","meta":[],"yoast_head":"<!-- This site is optimized with the Yoast SEO plugin v20.9 - https:\/\/yoast.com\/wordpress\/plugins\/seo\/ -->\n<title>Rezervasyon - Goldcity Inn Hotel<\/title>\n<meta name=\"robots\" content=\"index, follow, max-snippet:-1, max-image-preview:large, max-video-preview:-1\" \/>\n<link rel=\"canonical\" href=\"https:\/\/goldcityinn.com\/index.php\/rezervasyon\/\" \/>\n<meta property=\"og:locale\" content=\"tr_TR\" \/>\n<meta property=\"og:type\" content=\"article\" \/>\n<meta property=\"og:title\" content=\"Rezervasyon - Goldcity Inn Hotel\" \/>\n<meta property=\"og:description\" content=\"Dakikalar \u0130\u00e7erisinde Rezervasyon Yap\u0131n 24\/7 Her an\u0131ndan keyif alaca\u011f\u0131n\u0131z bir tatil i\u00e7in...&nbsp;Goldcity INN Hotele Ho\u015fgeldiniz. Standart Oda Adult only +12 Sample Title Sample Text Sample Title Sample Text Sample Title Sample Text \u00bb \u00c7ift ki\u015filik yatak,1 tek ki\u015filik yatak ve tek ki\u015filik yata\u011fa d\u00f6n\u00fc\u015febilen koltuk.&nbsp;\u00bb 28 m\u00b2\u00bb Du\u015f \/ Wc&nbsp;\u00bb Deniz ve Kara Manzaral\u0131&nbsp;\u00bb Balkon&nbsp;\u00bbMerkezi&hellip; Okumaya devam et Rezervasyon\" \/>\n<meta property=\"og:url\" content=\"https:\/\/goldcityinn.com\/index.php\/rezervasyon\/\" \/>\n<meta property=\"og:site_name\" content=\"Goldcity Inn Hotel\" \/>\n<meta property=\"article:modified_time\" content=\"2023-11-13T12:06:38+00:00\" \/>\n<meta name=\"twitter:card\" content=\"summary_large_image\" \/>\n<meta name=\"twitter:label1\" content=\"Tahmini okuma s\u00fcresi\" \/>\n\t<meta name=\"twitter:data1\" content=\"1 dakika\" \/>\n<script type=\"application\/ld+json\" class=\"yoast-schema-graph\">{\"@context\":\"https:\/\/schema.org\",\"@graph\":[{\"@type\":\"WebPage\",\"@id\":\"https:\/\/goldcityinn.com\/index.php\/rezervasyon\/\",\"url\":\"https:\/\/goldcityinn.com\/index.php\/rezervasyon\/\",\"name\":\"Rezervasyon - Goldcity Inn Hotel\",\"isPartOf\":{\"@id\":\"https:\/\/goldcityinn.com\/#website\"},\"datePublished\":\"2023-06-20T07:36:11+00:00\",\"dateModified\":\"2023-11-13T12:06:38+00:00\",\"breadcrumb\":{\"@id\":\"https:\/\/goldcityinn.com\/index.php\/rezervasyon\/#breadcrumb\"},\"inLanguage\":\"tr\",\"potentialAction\":[{\"@type\":\"ReadAction\",\"target\":[\"https:\/\/goldcityinn.com\/index.php\/rezervasyon\/\"]}]},{\"@type\":\"BreadcrumbList\",\"@id\":\"https:\/\/goldcityinn.com\/index.php\/rezervasyon\/#breadcrumb\",\"itemListElement\":[{\"@type\":\"ListItem\",\"position\":1,\"name\":\"Anasayfa\",\"item\":\"https:\/\/goldcityinn.com\/\"},{\"@type\":\"ListItem\",\"position\":2,\"name\":\"Rezervasyon\"}]},{\"@type\":\"WebSite\",\"@id\":\"https:\/\/goldcityinn.com\/#website\",\"url\":\"https:\/\/goldcityinn.com\/\",\"name\":\"Goldcity Inn Hotel\",\"description\":\"\",\"potentialAction\":[{\"@type\":\"SearchAction\",\"target\":{\"@type\":\"EntryPoint\",\"urlTemplate\":\"https:\/\/goldcityinn.com\/?s={search_term_string}\"},\"query-input\":\"required name=search_term_string\"}],\"inLanguage\":\"tr\"}]}<\/script>\n<!-- \/ Yoast SEO plugin. -->","yoast_head_json":{"title":"Rezervasyon - Goldcity Inn Hotel","robots":{"index":"index","follow":"follow","max-snippet":"max-snippet:-1","max-image-preview":"max-image-preview:large","max-video-preview":"max-video-preview:-1"},"canonical":"https:\/\/goldcityinn.com\/index.php\/rezervasyon\/","og_locale":"tr_TR","og_type":"article","og_title":"Rezervasyon - Goldcity Inn Hotel","og_description":"Dakikalar \u0130\u00e7erisinde Rezervasyon Yap\u0131n 24\/7 Her an\u0131ndan keyif alaca\u011f\u0131n\u0131z bir tatil i\u00e7in...&nbsp;Goldcity INN Hotele Ho\u015fgeldiniz. Standart Oda Adult only +12 Sample Title Sample Text Sample Title Sample Text Sample Title Sample Text \u00bb \u00c7ift ki\u015filik yatak,1 tek ki\u015filik yatak ve tek ki\u015filik yata\u011fa d\u00f6n\u00fc\u015febilen koltuk.&nbsp;\u00bb 28 m\u00b2\u00bb Du\u015f \/ Wc&nbsp;\u00bb Deniz ve Kara Manzaral\u0131&nbsp;\u00bb Balkon&nbsp;\u00bbMerkezi&hellip; Okumaya devam et Rezervasyon","og_url":"https:\/\/goldcityinn.com\/index.php\/rezervasyon\/","og_site_name":"Goldcity Inn Hotel","article_modified_time":"2023-11-13T12:06:38+00:00","twitter_card":"summary_large_image","twitter_misc":{"Tahmini okuma s\u00fcresi":"1 dakika"},"schema":{"@context":"https:\/\/schema.org","@graph":[{"@type":"WebPage","@id":"https:\/\/goldcityinn.com\/index.php\/rezervasyon\/","url":"https:\/\/goldcityinn.com\/index.php\/rezervasyon\/","name":"Rezervasyon - Goldcity Inn Hotel","isPartOf":{"@id":"https:\/\/goldcityinn.com\/#website"},"datePublished":"2023-06-20T07:36:11+00:00","dateModified":"2023-11-13T12:06:38+00:00","breadcrumb":{"@id":"https:\/\/goldcityinn.com\/index.php\/rezervasyon\/#breadcrumb"},"inLanguage":"tr","potentialAction":[{"@type":"ReadAction","target":["https:\/\/goldcityinn.com\/index.php\/rezervasyon\/"]}]},{"@type":"BreadcrumbList","@id":"https:\/\/goldcityinn.com\/index.php\/rezervasyon\/#breadcrumb","itemListElement":[{"@type":"ListItem","position":1,"name":"Anasayfa","item":"https:\/\/goldcityinn.com\/"},{"@type":"ListItem","position":2,"name":"Rezervasyon"}]},{"@type":"WebSite","@id":"https:\/\/goldcityinn.com\/#website","url":"https:\/\/goldcityinn.com\/","name":"Goldcity Inn Hotel","description":"","potentialAction":[{"@type":"SearchAction","target":{"@type":"EntryPoint","urlTemplate":"https:\/\/goldcityinn.com\/?s={search_term_string}"},"query-input":"required name=search_term_string"}],"inLanguage":"tr"}]}},"_links":{"self":[{"href":"https:\/\/goldcityinn.com\/index.php\/wp-json\/wp\/v2\/pages\/127"}],"collection":[{"href":"https:\/\/goldcityinn.com\/index.php\/wp-json\/wp\/v2\/pages"}],"about":[{"href":"https:\/\/goldcityinn.com\/index.php\/wp-json\/wp\/v2\/types\/page"}],"author":[{"embeddable":true,"href":"https:\/\/goldcityinn.com\/index.php\/wp-json\/wp\/v2\/users\/1"}],"replies":[{"embeddable":true,"href":"https:\/\/goldcityinn.com\/index.php\/wp-json\/wp\/v2\/comments?post=127"}],"version-history":[{"count":15,"href":"https:\/\/goldcityinn.com\/index.php\/wp-json\/wp\/v2\/pages\/127\/revisions"}],"predecessor-version":[{"id":281,"href":"https:\/\/goldcityinn.com\/index.php\/wp-json\/wp\/v2\/pages\/127\/revisions\/281"}],"wp:attachment":[{"href":"https:\/\/goldcityinn.com\/index.php\/wp-json\/wp\/v2\/media?parent=127"}],"curies":[{"name":"wp","href":"https:\/\/api.w.org\/{rel}","templated":true}]}}