{"id":7,"date":"2023-06-16T09:36:48","date_gmt":"2023-06-16T09:36:48","guid":{"rendered":"https:\/\/goldcityinn.com\/?page_id=7"},"modified":"2023-08-02T13:29:32","modified_gmt":"2023-08-02T13:29:32","slug":"ana-sayfa","status":"publish","type":"page","link":"https:\/\/goldcityinn.com\/","title":{"rendered":"Ana Sayfa"},"content":{"rendered":"<div class=\"\" style=\"\" >\n    \n    <section class=\"u-clearfix u-uploaded-video u-video u-video-cover u-section-2\" id=\"sec-0379\">\n      <div class=\"u-background-video u-expanded\" style=\"\">\n        <div class=\"embed-responsive\">\n          <video class=\"embed-responsive-item\" data-autoplay=\"1\" loop=\"\" muted=\"1\" autoplay=\"autoplay\" playsinline=\"\">\n            <source src=\"https:\/\/goldcityinn.com\/wp-content\/uploads\/2023\/06\/Goldcity-inn-hotel_2.mp4\" type=\"video\/mp4\">\n            <p>Your browser does not support HTML5 video.<\/p>\n          <\/video>\n        <\/div>\n        <div class=\"u-video-shading\"><\/div>\n      <\/div>\n      <div class=\"u-clearfix u-sheet u-sheet-1\"><\/div>\n    <\/section>\n    <section class=\"u-clearfix u-white u-section-3\" id=\"sec-f19d\">\n      <div class=\"u-clearfix u-sheet u-valign-middle-lg u-valign-middle-xl u-valign-middle-xs u-sheet-1\">\n        <h1 class=\"u-align-center u-text u-text-white u-text-1\" data-animation-name=\"customAnimationIn\" data-animation-duration=\"1750\">\n          <span style=\"font-weight: 700; font-size: 1.875rem;\" class=\"u-text-custom-color-1\">GOLDCITY INN HOTEL<\/span>\n          <span class=\"u-text-custom-color-1\" style=\"font-size: 1.875rem;\">\n            <br>\n          <\/span>\n          <span class=\"u-text-black\" style=\"font-size: 1.25rem;\">\n            <br>\n            <span style=\"font-size: 1.125rem;\">Her an\u0131ndan keyif alaca\u011f\u0131n\u0131z bir tatil i\u00e7in<br>\n              <br>\n              <span style=\"font-style: italic;\">\u00c7ok Yak\u0131nda Yay\u0131nday\u0131z&nbsp;<\/span>\n            <\/span>\n          <\/span>\n        <\/h1>\n      <\/div>\n    <\/section>\n    <section class=\"u-clearfix u-container-align-left-lg u-container-align-left-xl u-expanded-width-xl u-grey-25 u-section-4\" id=\"carousel_b9bc\">\n      <div class=\"u-clearfix u-sheet u-valign-middle-lg u-valign-middle-xl u-valign-top-md u-sheet-1\">\n        <div class=\"u-clearfix u-expanded-width-lg u-expanded-width-xl u-expanded-width-xs u-gutter-0 u-layout-wrap u-layout-wrap-1\">\n          <div class=\"u-gutter-0 u-layout\">\n            <div class=\"u-layout-row\">\n              <div class=\"u-align-center u-container-align-left-lg u-container-align-left-xl u-container-style u-grey-90 u-layout-cell u-shape-rectangle u-size-27-lg u-size-27-xl u-size-60-md u-size-60-sm u-size-60-xs u-layout-cell-1\">\n                <div class=\"u-container-layout u-valign-bottom-md u-valign-bottom-sm u-valign-bottom-xs u-container-layout-1\">\n                  <h2 class=\"u-align-center-md u-align-center-sm u-align-center-xs u-text u-text-1\">\u0130leti\u015fime&nbsp;Ge\u00e7in!<br>\n                  <\/h2>\n                  <div class=\"u-align-center-md u-align-center-sm u-align-center-xs u-list u-list-1\">\n                    <div class=\"u-repeater u-repeater-1\">\n                      <div class=\"u-container-style u-list-item u-repeater-item\">\n                        <div class=\"u-container-layout u-similar-container u-container-layout-2\">\n                          <h5 class=\"u-align-center-md u-align-center-sm u-align-center-xs u-text u-text-default-lg u-text-default-xl u-text-2\"> Telefon<\/h5>\n                          <h5 class=\"u-text u-text-3\">\n                            <a href=\"tel:+902425100202\" class=\"u-btn u-button-link u-button-style u-custom-item u-text-hover-grey-25 u-text-white u-btn-1\"> +90 \u200b242 510 0202<\/a>\n                          <\/h5>\n                        <\/div>\n                      <\/div>\n                      <div class=\"u-container-style u-list-item u-repeater-item\">\n                        <div class=\"u-container-layout u-similar-container u-container-layout-3\">\n                          <h5 class=\"u-align-center-md u-align-center-sm u-align-center-xs u-text u-text-default-lg u-text-default-xl u-text-4\"> Mail<\/h5>\n                          <h5 class=\"u-text u-text-5\">\n                            <a class=\"u-active-none u-border-active-white u-border-hover-white u-border-none u-btn u-button-link u-button-style u-hover-none u-none u-text-active-white u-text-hover-grey-25 u-text-white u-btn-2\" href=\"mailto:info@goldcityinn.com\" data-animation-name=\"\" data-animation-duration=\"0\" data-animation-delay=\"0\" data-animation-direction=\"\"> info@goldcityinn.com<\/a>\n                          <\/h5>\n                        <\/div>\n                      <\/div>\n                    <\/div>\n                  <\/div>\n                <\/div>\n              <\/div>\n              <div class=\"u-align-center u-container-align-center-md u-container-align-center-sm u-container-align-center-xs u-container-style u-layout-cell u-shape-rectangle u-size-33-lg u-size-33-xl u-size-60-md u-size-60-sm u-size-60-xs u-white u-layout-cell-2\" data-animation-name=\"\" data-animation-duration=\"0\" data-animation-delay=\"0\" data-animation-direction=\"\">\n                <div class=\"u-container-layout u-valign-middle-lg u-valign-middle-xl u-container-layout-4\">\n                  <div class=\"u-form u-form-1\">\n                    <form action=\"https:\/\/forms.nicepagesrv.com\/v2\/form\/process\" class=\"u-clearfix u-form-spacing-30 u-form-vertical u-inner-form\" style=\"padding: 20px;\" source=\"email\" name=\"form\">\n                      <div class=\"u-form-group u-form-name\">\n                        <label for=\"name-3b9a\" class=\"u-form-control-hidden u-label\" wfd-invisible=\"true\">Name<\/label>\n                        <input type=\"text\" placeholder=\"Ad\u0131n\u0131z\u0131 giriniz\" id=\"name-3b9a\" name=\"name\" class=\"u-border-3 u-border-grey-25 u-border-no-left u-border-no-right u-border-no-top u-input u-input-rectangle u-input-1\" required=\"\">\n                      <\/div>\n                      <div class=\"u-form-email u-form-group\">\n                        <label for=\"email-3b9a\" class=\"u-form-control-hidden u-label\" wfd-invisible=\"true\">Email<\/label>\n                        <input type=\"email\" placeholder=\"Ge\u00e7erli bir e-posta adresi girin\" id=\"email-3b9a\" name=\"email\" class=\"u-border-3 u-border-grey-25 u-border-no-left u-border-no-right u-border-no-top u-input u-input-rectangle u-input-2\" required=\"\">\n                      <\/div>\n                      <div class=\"u-form-group u-form-message\">\n                        <label for=\"message-3b9a\" class=\"u-form-control-hidden u-label\" wfd-invisible=\"true\">Message<\/label>\n                        <textarea placeholder=\"Mesaj\u0131n\u0131z\u0131 girin\" rows=\"4\" cols=\"50\" id=\"message-3b9a\" name=\"message\" class=\"u-border-3 u-border-grey-25 u-border-no-left u-border-no-right u-border-no-top u-input u-input-rectangle u-input-3\" required=\"\"><\/textarea>\n                      <\/div>\n                      <div class=\"u-align-left u-form-group u-form-submit\">\n                        <a href=\"#\" class=\"u-active-palette-1-dark-3 u-border-none u-btn u-btn-submit u-button-style u-hover-palette-1-dark-3 u-palette-5-dark-1 u-text-active-white u-text-body-alt-color u-text-hover-white u-btn-3\">G\u00d6NDER<\/a>\n                        <input type=\"submit\" value=\"submit\" class=\"u-form-control-hidden\" wfd-invisible=\"true\">\n                      <\/div>\n                      <div class=\"u-form-send-message u-form-send-success\" wfd-invisible=\"true\">Te\u015fekk\u00fcrler! Mesaj\u0131n\u0131z g\u00f6nderildi.<\/div>\n                      <div class=\"u-form-send-error u-form-send-message\" wfd-invisible=\"true\">Mesaj\u0131n\u0131z g\u00f6nderilemedi. L\u00fctfen hatalar\u0131 d\u00fczeltin ve tekrar deneyin.<\/div>\n                      <input type=\"hidden\" value=\"\" name=\"recaptchaResponse\" wfd-invisible=\"true\">\n                      <input type=\"hidden\" name=\"formServices\" value=\"a7eb5969-adc9-f73c-f555-b77dde5226c4\">\n                    <\/form>\n                  <\/div>\n                <\/div>\n              <\/div>\n            <\/div>\n          <\/div>\n        <\/div>\n      <\/div>\n    <\/section>\n    <section class=\"u-clearfix u-white u-section-5\" id=\"carousel_7de3\">\n      <div class=\"u-clearfix u-sheet u-valign-middle u-sheet-1\">\n        <div class=\"u-container-style u-expanded-width-md u-expanded-width-sm u-expanded-width-xs u-group u-group-1\" data-animation-name=\"customAnimationIn\" data-animation-duration=\"1000\">\n          <div class=\"u-container-layout u-valign-top-lg u-valign-top-md u-valign-top-sm u-container-layout-1\">\n            <h2 class=\"u-align-center u-custom-font u-font-montserrat u-text u-text-default u-text-1\">Rezervasy\u200bon<br>\n            <\/h2>\n            <h2 class=\"u-align-center u-custom-font u-font-lobster u-text u-text-default u-text-2\">Unutulmayacak Tatil Bir T\u0131k Uzakta<br>\n            <\/h2>\n            <a href=\"https:\/\/goldcityinn.com\/index.php\/rezervasyon\/\" class=\"u-align-center-md u-align-center-sm u-align-center-xs u-btn u-btn-round u-button-style u-hover-palette-1-light-1 u-palette-1-base u-radius-6 u-btn-1\">Rezervasyon Yap<\/a>\n          <\/div>\n        <\/div>\n      <\/div>\n    <\/section>\n    \n    \n    \n    \n  \n<\/div>","protected":false},"excerpt":{"rendered":"<p>Your browser does not support HTML5 video. GOLDCITY INN HOTEL Her an\u0131ndan keyif alaca\u011f\u0131n\u0131z bir tatil i\u00e7in \u00c7ok Yak\u0131nda Yay\u0131nday\u0131z&nbsp; \u0130leti\u015fime&nbsp;Ge\u00e7in! Telefon +90 \u200b242 510 0202 Mail info@goldcityinn.com Name Email Message G\u00d6NDER Te\u015fekk\u00fcrler! Mesaj\u0131n\u0131z g\u00f6nderildi. Mesaj\u0131n\u0131z g\u00f6nderilemedi. L\u00fctfen hatalar\u0131 d\u00fczeltin ve tekrar deneyin. Rezervasy\u200bon Unutulmayacak Tatil Bir T\u0131k Uzakta Rezervasyon Yap<\/p>\n","protected":false},"author":1,"featured_media":0,"parent":0,"menu_order":0,"comment_status":"closed","ping_status":"closed","template":"","meta":[],"yoast_head":"<!-- This site is optimized with the Yoast SEO plugin v20.9 - https:\/\/yoast.com\/wordpress\/plugins\/seo\/ -->\n<title>Ana Sayfa - Goldcity Inn Hotel<\/title>\n<meta name=\"description\" content=\"Goldcity INN Hotel\" \/>\n<meta name=\"robots\" content=\"index, follow, max-snippet:-1, max-image-preview:large, max-video-preview:-1\" \/>\n<link rel=\"canonical\" href=\"https:\/\/goldcityinn.com\/\" \/>\n<meta property=\"og:locale\" content=\"tr_TR\" \/>\n<meta property=\"og:type\" content=\"article\" \/>\n<meta property=\"og:title\" content=\"Ana Sayfa - Goldcity Inn Hotel\" \/>\n<meta property=\"og:description\" content=\"Goldcity INN Hotel\" \/>\n<meta property=\"og:url\" content=\"https:\/\/goldcityinn.com\/\" \/>\n<meta property=\"og:site_name\" content=\"Goldcity Inn Hotel\" \/>\n<meta property=\"article:modified_time\" content=\"2023-08-02T13:29:32+00:00\" \/>\n<meta name=\"twitter:card\" content=\"summary_large_image\" \/>\n<script type=\"application\/ld+json\" class=\"yoast-schema-graph\">{\"@context\":\"https:\/\/schema.org\",\"@graph\":[{\"@type\":\"WebPage\",\"@id\":\"https:\/\/goldcityinn.com\/\",\"url\":\"https:\/\/goldcityinn.com\/\",\"name\":\"Ana Sayfa - Goldcity Inn Hotel\",\"isPartOf\":{\"@id\":\"https:\/\/goldcityinn.com\/#website\"},\"datePublished\":\"2023-06-16T09:36:48+00:00\",\"dateModified\":\"2023-08-02T13:29:32+00:00\",\"description\":\"Goldcity INN Hotel\",\"breadcrumb\":{\"@id\":\"https:\/\/goldcityinn.com\/#breadcrumb\"},\"inLanguage\":\"tr\",\"potentialAction\":[{\"@type\":\"ReadAction\",\"target\":[\"https:\/\/goldcityinn.com\/\"]}]},{\"@type\":\"BreadcrumbList\",\"@id\":\"https:\/\/goldcityinn.com\/#breadcrumb\",\"itemListElement\":[{\"@type\":\"ListItem\",\"position\":1,\"name\":\"Anasayfa\",\"item\":\"https:\/\/goldcityinn.com\/\"},{\"@type\":\"ListItem\",\"position\":2,\"name\":\"Ana Sayfa\"}]},{\"@type\":\"WebSite\",\"@id\":\"https:\/\/goldcityinn.com\/#website\",\"url\":\"https:\/\/goldcityinn.com\/\",\"name\":\"Goldcity Inn Hotel\",\"description\":\"\",\"potentialAction\":[{\"@type\":\"SearchAction\",\"target\":{\"@type\":\"EntryPoint\",\"urlTemplate\":\"https:\/\/goldcityinn.com\/?s={search_term_string}\"},\"query-input\":\"required name=search_term_string\"}],\"inLanguage\":\"tr\"}]}<\/script>\n<!-- \/ Yoast SEO plugin. -->","yoast_head_json":{"title":"Ana Sayfa - Goldcity Inn Hotel","description":"Goldcity INN Hotel","robots":{"index":"index","follow":"follow","max-snippet":"max-snippet:-1","max-image-preview":"max-image-preview:large","max-video-preview":"max-video-preview:-1"},"canonical":"https:\/\/goldcityinn.com\/","og_locale":"tr_TR","og_type":"article","og_title":"Ana Sayfa - Goldcity Inn Hotel","og_description":"Goldcity INN Hotel","og_url":"https:\/\/goldcityinn.com\/","og_site_name":"Goldcity Inn Hotel","article_modified_time":"2023-08-02T13:29:32+00:00","twitter_card":"summary_large_image","schema":{"@context":"https:\/\/schema.org","@graph":[{"@type":"WebPage","@id":"https:\/\/goldcityinn.com\/","url":"https:\/\/goldcityinn.com\/","name":"Ana Sayfa - Goldcity Inn Hotel","isPartOf":{"@id":"https:\/\/goldcityinn.com\/#website"},"datePublished":"2023-06-16T09:36:48+00:00","dateModified":"2023-08-02T13:29:32+00:00","description":"Goldcity INN Hotel","breadcrumb":{"@id":"https:\/\/goldcityinn.com\/#breadcrumb"},"inLanguage":"tr","potentialAction":[{"@type":"ReadAction","target":["https:\/\/goldcityinn.com\/"]}]},{"@type":"BreadcrumbList","@id":"https:\/\/goldcityinn.com\/#breadcrumb","itemListElement":[{"@type":"ListItem","position":1,"name":"Anasayfa","item":"https:\/\/goldcityinn.com\/"},{"@type":"ListItem","position":2,"name":"Ana Sayfa"}]},{"@type":"WebSite","@id":"https:\/\/goldcityinn.com\/#website","url":"https:\/\/goldcityinn.com\/","name":"Goldcity Inn Hotel","description":"","potentialAction":[{"@type":"SearchAction","target":{"@type":"EntryPoint","urlTemplate":"https:\/\/goldcityinn.com\/?s={search_term_string}"},"query-input":"required name=search_term_string"}],"inLanguage":"tr"}]}},"_links":{"self":[{"href":"https:\/\/goldcityinn.com\/index.php\/wp-json\/wp\/v2\/pages\/7"}],"collection":[{"href":"https:\/\/goldcityinn.com\/index.php\/wp-json\/wp\/v2\/pages"}],"about":[{"href":"https:\/\/goldcityinn.com\/index.php\/wp-json\/wp\/v2\/types\/page"}],"author":[{"embeddable":true,"href":"https:\/\/goldcityinn.com\/index.php\/wp-json\/wp\/v2\/users\/1"}],"replies":[{"embeddable":true,"href":"https:\/\/goldcityinn.com\/index.php\/wp-json\/wp\/v2\/comments?post=7"}],"version-history":[{"count":16,"href":"https:\/\/goldcityinn.com\/index.php\/wp-json\/wp\/v2\/pages\/7\/revisions"}],"predecessor-version":[{"id":154,"href":"https:\/\/goldcityinn.com\/index.php\/wp-json\/wp\/v2\/pages\/7\/revisions\/154"}],"wp:attachment":[{"href":"https:\/\/goldcityinn.com\/index.php\/wp-json\/wp\/v2\/media?parent=7"}],"curies":[{"name":"wp","href":"https:\/\/api.w.org\/{rel}","templated":true}]}}